{"id":2,"date":"2009-11-12T22:48:59","date_gmt":"2009-11-13T00:48:59","guid":{"rendered":"http:\/\/www.alija.org.ar\/?page_id=2"},"modified":"2024-02-08T16:49:17","modified_gmt":"2024-02-08T18:49:17","slug":"about","status":"publish","type":"page","link":"https:\/\/alija.org.ar\/?page_id=2","title":{"rendered":"Qui\u00e9nes somos"},"content":{"rendered":"<h1 style=\"text-align: justify;\"><strong><a href=\"http:\/\/www.alija.org.ar\/?attachment_id=4897\" rel=\"attachment wp-att-4897\"><img loading=\"lazy\" decoding=\"async\" class=\" wp-image-4897 aligncenter\" src=\"http:\/\/www.alija.org.ar\/wp-content\/uploads\/Logo-letras-azules-fondo-verde-300x140.jpg\" alt=\"\" width=\"388\" height=\"189\" \/><\/a><\/strong><strong><span style=\"font-size: 14pt;\">ALIJA <\/span><\/strong><span style=\"font-size: 14pt;\">es\u00a0la <strong>Asociaci\u00f3n de Literatura Infantil y Juvenil de la Argentina, Secci\u00f3n Nacional de IBBY,<\/strong> la Organizaci\u00f3n Internacional del Libro Infantil y Juvenil (<a href=\"http:\/\/www.ibby.org\/\">http:\/\/www.ibby.org\/<\/a>), cuya sede se encuentra en Suiza.<\/span><\/h1>\n<p style=\"text-align: center;\"><span style=\"color: #333399;\"><strong>Contacto:\u00a0Espacio ALIJA, Simbr\u00f3n 3058, 1407, CABA, Buenos Aires, Argentina.\u00a0El horario es martes y jueves de 14.30 a 17. Antes de concurrir, comun\u00edquese con infoalija@gmail.com, Srta. Catalina Antognini.<\/strong><\/span><\/p>\n<p style=\"text-align: justify;\">A<span style=\"font-size: 12pt;\">unque sus antecedentes se remontan a fines de la d\u00e9cada del 70, <strong>la Asociaci\u00f3n de Literatura Infantil y Juvenil de la Argentina (ALIJA)<\/strong>, nace como asociaci\u00f3n civil sin fines de lucro el 30 de marzo de 1985, dedicada a la investigaci\u00f3n, la cr\u00edtica y la difusi\u00f3n de los libros para ni\u00f1os y j\u00f3venes destacados por su calidad art\u00edstica.<\/span><\/p>\n<p style=\"text-align: justify;\"><span style=\"font-size: 12pt;\">ALIJA nuclea a escritores, ilustradores, narradores orales, especialistas, editores, bibliotecarios, docentes y dem\u00e1s personas interesadas en el campo de los libros para ni\u00f1os.<\/span><\/p>\n<p style=\"text-align: justify;\"><span style=\"font-size: 12pt;\">La misi\u00f3n de ALIJA es la promoci\u00f3n del libro y de la lectura infantil y juvenil en todo el territorio de la rep\u00fablica, en todos sus estamentos y regiones y entre todos sus ni\u00f1os y j\u00f3venes. ALIJA concibe la promoci\u00f3n como una estrategia continua y s\u00f3lida que favorece la creaci\u00f3n de un p\u00fablico lector por el mero placer de la lectura misma.<\/span><\/p>\n<p style=\"text-align: justify;\"><span style=\"font-size: 12pt;\">Es por ello que ALIJA, para contribuir al logro de lo citado, federaliza su tarea y gesti\u00f3n buscando abrir representaciones en todo el pa\u00eds para que la Instituci\u00f3n sea una aut\u00e9ntica representaci\u00f3n nacional.<\/span><\/p>\n<p style=\"text-align: justify;\"><span style=\"font-size: 12pt;\">Tambi\u00e9n se propone difundir la tarea de <strong>IBBY <\/strong>y de las secciones nacionales, en especial de las <a href=\"https:\/\/www.facebook.com\/IBBYLatinoamericaCaribe\/?locale=es_LA\">latinoamericanas<\/a>.<\/span><\/p>\n<p style=\"text-align: justify;\"><span style=\"font-size: 12pt;\">ALIJA trabaja decididamente para difundir el libro y los autores argentinos en el pa\u00eds y en el mundo porque sabe que el inter\u00e9s por el libro argentino no se agota en sus fronteras: hay un importante mercado exterior, dispuesto a contratar y editar a nuestros escritores e ilustradores. Y es el compromiso de ALIJA darlos a conocer.<\/span><\/p>\n<p style=\"text-align: justify;\"><span style=\"font-size: 12pt;\"><strong><span style=\"color: #ff6600;\">Lectores y mediadores, una combinaci\u00f3n necesaria<\/span><\/strong><\/span><\/p>\n<p style=\"text-align: justify;\"><span style=\"font-size: 12pt;\"><strong><span style=\"font-weight: normal;\">El destinatario de ALIJA es el ni\u00f1o y el joven: tambi\u00e9n su familia y su comunidad educativa. Para mejorar la calidad de vida, nuestra sociedad requiere de lectores \u00e1vidos y entrenados que se encuentren con el libro que buscan, desean y necesitan, y de mediadores interesados y apasionados por su tarea.<\/span><\/strong><\/span><\/p>\n<p style=\"text-align: justify;\"><span style=\"font-size: 12pt;\">Para ello, ALIJA trabaja capacitando a los mediadores y formadores \u2013docentes, promotores, bibliotecarios\u2013, creando conciencia y aportando estrategias entre los gestores culturales y los funcionarios en condiciones de implementar planes de alcance nacional, provincial y municipal.<\/span><\/p>\n<p style=\"text-align: justify;\"><span style=\"font-size: 12pt;\">ALIJA elabora gu\u00edas de lectura, estudios, bibliograf\u00edas y diversos materiales sobre la especialidad, cumpliendo la misi\u00f3n de entrelazar intereses y necesidades.<\/span><\/p>\n<p style=\"text-align: justify;\"><span style=\"font-size: 12pt;\"><strong><span style=\"color: #ff6600;\">Presencia institucional de ALIJA<\/span><\/strong><\/span><\/p>\n<p style=\"text-align: justify;\"><span style=\"font-size: 12pt;\"><strong>Feria Internacional del Libro<br \/>\n<\/strong><\/span><span style=\"font-size: 12pt;\">* Integra la comisi\u00f3n organizadora del Congreso Internacional de Promoci\u00f3n de la Lectura y el Libro que tiene lugar en cada una de sus ediciones.<br \/>\n<\/span><span style=\"font-size: 12pt;\">* Coorganiza el Encuentro de Narradores.<br \/>\n<\/span><span style=\"font-size: 12pt;\">* Auspicia conferencias, presentaciones y eventos especiales.<br \/>\n<\/span><span style=\"font-size: 12pt;\">* Difunde sus actividades, brinda asesoramiento al p\u00fablico, expone libros y diversas publicaciones espec\u00edficas de la Argentina y el mundo.<br \/>\n<\/span><span style=\"font-size: 12pt;\">* Entrega anualmente uno de los premios m\u00e1s reconocidos en Am\u00e9rica Latina: los <strong>Destacados de<\/strong> <strong>ALIJA,<\/strong> para el cual, un jurado federal y multidisciplinario galardona las mejores obras para ni\u00f1os y j\u00f3venes del periodo.<\/span><\/p>\n<p style=\"text-align: justify;\"><span style=\"font-size: 12pt;\"><br \/>\n<\/span><span style=\"font-size: 12pt;\"><strong>Feria del Libro Infantil y Juvenil<\/strong><\/span><\/p>\n<p style=\"margin: 0cm; text-align: justify;\">* Integra su comit\u00e9 organizador.<\/p>\n<p style=\"margin: 0cm;\">* Auspicia y colabora en la organizaci\u00f3n de las Jornadas para Docentes y Bibliotecarios.<\/p>\n<p style=\"margin: 0cm;\">* Auspicia conferencias, presentaciones y talleres.<\/p>\n<p style=\"margin: 0cm;\">* Forma parte del equipo de mediadores que conducen las Traves\u00edas, esos recorridos especializados para docentes y bibliotecarios.<\/p>\n<p style=\"text-align: justify;\"><span style=\"font-size: 12pt;\"><strong><span style=\"color: #ff6600;\">ALIJA, Secci\u00f3n Nacional de IBBY (Internacional Board or books for Young People)<\/span><\/strong><\/span><\/p>\n<p style=\"text-align: justify;\"><span style=\"font-size: 12pt;\">ALIJA es la Secci\u00f3n Nacional de IBBY \u2013 Organizaci\u00f3n Internacional del Libro Infantil y Juvenil -, cuya sede se encuentra en Suiza. <\/span><span style=\"font-size: 12pt;\">IBBY fue creada a fines de la Segunda Guerra Mundial con el objetivo de \u201ccontribuir en el terreno del libro infantil a la convivencia entre las naciones\u201d. <\/span><span style=\"font-size: 12pt;\">Actualmente pertenecen a IBBY m\u00e1s de ochenta pa\u00edses de todos los continentes.<br \/>\n<\/span><span style=\"font-size: 12pt;\">ALIJA es la instituci\u00f3n que representa a los autores, los libros y la edici\u00f3n local para ni\u00f1os y j\u00f3venes ante IBBY, y tiene la responsabilidad de seleccionar al autor y al ilustrador que compiten representando a nuestro pa\u00eds por el premio <strong>Hans Christian Andersen<\/strong> (el reconocimiento m\u00e1s importante del mundo en libros para ni\u00f1os y j\u00f3venes), que cada dos a\u00f1os es otorgado por IBBY.<br \/>\n<\/span><span style=\"font-size: 12pt;\">Tambi\u00e9n propone los candidatos de Argentina para la <strong>Lista de Honor<\/strong> que simult\u00e1neamente IBBY hace p\u00fablica, con los mejores exponentes mundiales en las categor\u00edas escritura, ilustraci\u00f3n y traducci\u00f3n.<br \/>\n<\/span><span style=\"font-size: 12pt;\">A su vez, propone y vota al jurado internacional que tiene a su cargo la elecci\u00f3n de los finalistas de cada edici\u00f3n del Premio Hans Christian Andersen y propone candidatos al <strong>Premio IBBY \u2013 ASAHI<\/strong>, que recompensa programas de promoci\u00f3n de la lectura.<\/span><\/p>\n<p><strong><span style=\"color: #ff9900;\">Autoridades<\/span><\/strong><\/p>\n<p><strong><span style=\"color: #ff9900;\">Comisi\u00f3n Directiva 2023- 2025<\/span><\/strong><\/p>\n<p>Presidente<strong> Mario M\u00e9ndez<\/strong><strong><br \/>\n<\/strong>Vicepresidenta<strong> Magal\u00ed Jard\u00f3n<\/strong><strong><br \/>\n<\/strong>Secretaria<strong> Cecilia Repetti<\/strong><strong><br \/>\n<\/strong>Tesorera<strong> Catalina Antognini<\/strong><\/p>\n<p>Vocal Titular<strong> Ver\u00f3nica Garc\u00eda Ontiveros<\/strong><strong><br \/>\n<\/strong>Vocal Titular<strong> Diana Kovach<\/strong><strong><br \/>\n<\/strong>Vocal Titular<strong> Gloria Candioti<\/strong><strong><br \/>\n<\/strong>Vocal Suplente<strong> Deborah Telias<\/strong><strong><br \/>\n<\/strong>Vocal Suplente<strong> Paula Bombara<\/strong><strong><br \/>\n<\/strong>Vocal Suplente<strong> Mar\u00eda Teresa Giacuboni<\/strong><strong><br \/>\n<\/strong>Vocal Suplente<strong> Ana Emilia Silva<\/strong><strong><br \/>\n<\/strong>Vocal Suplente<strong> Claudia Fandi\u00f1o<\/strong><strong><br \/>\n<\/strong>\u00d3rgano de Fiscalizaci\u00f3n<strong> &#8211; Paula Epstein<\/strong><strong><br \/>\n<\/strong>\u00d3rgano de Fiscalizaci\u00f3n<strong> &#8211; Walter Binder<\/strong><strong><br \/>\n<\/strong>\u00d3rgano de Fiscalizaci\u00f3n &#8211;<strong> Ver\u00f3nica Dematey<\/strong><strong><br \/>\n<\/strong>\u00d3rgano de Fiscalizaci\u00f3n<strong> \u2013 Claudia Cadenazzo<\/strong><\/p>\n<p><a href=\"http:\/\/www.alija.org.ar\/?p=5995\" target=\"_blank\" rel=\"noopener\">Autoridades previas<\/a><!--more--><\/p>\n<p><!--more--><\/p>\n<p><span style=\"color: #ff9900;\"><strong>ALIJA Federal<\/strong><\/span><\/p>\n<p style=\"text-align: left;\"><span style=\"font-size: 12pt; color: #000000;\"><strong>Convenio de Hermanamiento:<\/strong> <a style=\"color: #000000;\" href=\"http:\/\/www.fundamgiardinelli.org.ar\/\" target=\"_blank\" rel=\"noopener noreferrer\">Fundaci\u00f3n Mempo Giardinelli<\/a>, <a style=\"color: #000000;\" href=\"http:\/\/www.fundamgiardinelli.org.ar\/\" target=\"_blank\" rel=\"noopener noreferrer\">www.fundamgiardinelli.org.ar<\/a>.<\/span><\/p>\n<p style=\"text-align: left;\"><span style=\"font-size: 12pt; color: #000000;\"><strong>Filial Mar del Plata<\/strong>: \u00a0<strong><a style=\"color: #000000;\" href=\"http:\/\/www.jitanjafora.org.ar\/\" target=\"_blank\" rel=\"noopener noreferrer\">JITANJ\u00c1FORA<\/a><\/strong> \u2013 Redes Sociales de Promoci\u00f3n de la Lectura y la Escritura,\u00a0<a style=\"color: #000000;\" href=\"http:\/\/www.jitanjafora.org.ar\/\" target=\"_blank\" rel=\"noopener noreferrer\">www.jitanjafora.org.ar<\/a>.<\/span><\/p>\n<p style=\"text-align: left;\"><span style=\"font-size: 12pt; color: #000000;\"><span style=\"font-weight: normal;\"><strong>Delegaci\u00f3n Salta LecturArte:<\/strong> <\/span>contacto Mar\u00eda Bel\u00e9n Alem\u00e1n, <a style=\"color: #000000;\" href=\"mariabaleman@hotmail.com\">mariabaleman@hotmail.com<\/a><\/span><\/p>\n<p style=\"text-align: justify;\">\n","protected":false},"excerpt":{"rendered":"<p>ALIJA es\u00a0la Asociaci\u00f3n de Literatura Infantil y Juvenil de la Argentina, Secci\u00f3n Nacional de IBBY, la Organizaci\u00f3n Internacional del Libro Infantil y Juvenil (http:\/\/www.ibby.org\/), cuya sede se encuentra en Suiza. Contacto:\u00a0Espacio ALIJA, Simbr\u00f3n 3058, 1407, CABA, Buenos Aires, Argentina.\u00a0El horario &hellip; <a href=\"https:\/\/alija.org.ar\/?page_id=2\">Sigue leyendo <span class=\"meta-nav\">&rarr;<\/span><\/a><\/p>\n","protected":false},"author":1,"featured_media":0,"parent":0,"menu_order":0,"comment_status":"closed","ping_status":"closed","template":"","meta":{"footnotes":""},"_links":{"self":[{"href":"https:\/\/alija.org.ar\/index.php?rest_route=\/wp\/v2\/pages\/2"}],"collection":[{"href":"https:\/\/alija.org.ar\/index.php?rest_route=\/wp\/v2\/pages"}],"about":[{"href":"https:\/\/alija.org.ar\/index.php?rest_route=\/wp\/v2\/types\/page"}],"author":[{"embeddable":true,"href":"https:\/\/alija.org.ar\/index.php?rest_route=\/wp\/v2\/users\/1"}],"replies":[{"embeddable":true,"href":"https:\/\/alija.org.ar\/index.php?rest_route=%2Fwp%2Fv2%2Fcomments&post=2"}],"version-history":[{"count":93,"href":"https:\/\/alija.org.ar\/index.php?rest_route=\/wp\/v2\/pages\/2\/revisions"}],"predecessor-version":[{"id":6003,"href":"https:\/\/alija.org.ar\/index.php?rest_route=\/wp\/v2\/pages\/2\/revisions\/6003"}],"wp:attachment":[{"href":"https:\/\/alija.org.ar\/index.php?rest_route=%2Fwp%2Fv2%2Fmedia&parent=2"}],"curies":[{"name":"wp","href":"https:\/\/api.w.org\/{rel}","templated":true}]}}